{"id":22116,"date":"2025-08-26T15:25:58","date_gmt":"2025-08-26T18:25:58","guid":{"rendered":"https:\/\/ultratecestamparia.com.br\/?page_id=22116"},"modified":"2026-03-24T15:28:31","modified_gmt":"2026-03-24T18:28:31","slug":"comunicacao-visual","status":"publish","type":"page","link":"https:\/\/ultratecestamparia.com.br\/en\/comunicacao-visual\/","title":{"rendered":"Comunica\u00e7\u00e3o Visual"},"content":{"rendered":"<div data-elementor-type=\"wp-page\" data-elementor-id=\"22116\" class=\"elementor elementor-22116\">\n\t\t\t\t\t\t<section class=\"elementor-section elementor-top-section elementor-element elementor-element-4ea8ef7 elementor-section-boxed elementor-section-height-default elementor-section-height-default sc_fly_static\" data-id=\"4ea8ef7\" data-element_type=\"section\" data-settings=\"{&quot;background_background&quot;:&quot;classic&quot;}\">\n\t\t\t\t\t\t<div class=\"elementor-container elementor-column-gap-extended\">\n\t\t\t\t\t<div class=\"elementor-column elementor-col-100 elementor-top-column elementor-element elementor-element-d9bae0d sc_inner_width_none sc_content_align_inherit sc_layouts_column_icons_position_left sc_fly_static\" data-id=\"d9bae0d\" data-element_type=\"column\">\n\t\t\t<div class=\"elementor-widget-wrap elementor-element-populated\">\n\t\t\t\t\t\t<div class=\"elementor-element elementor-element-cdd748b sc_height_huge sc_fly_static elementor-widget elementor-widget-spacer\" data-id=\"cdd748b\" data-element_type=\"widget\" data-widget_type=\"spacer.default\">\n\t\t\t\t<div class=\"elementor-widget-container\">\n\t\t\t\t\t<div class=\"elementor-spacer\">\n\t\t\t<div class=\"elementor-spacer-inner\"><\/div>\n\t\t<\/div>\n\t\t\t\t<\/div>\n\t\t\t\t<\/div>\n\t\t\t\t<div class=\"elementor-element elementor-element-b40a2b4 sc_height_tiny sc_layouts_hide_on_tablet sc_layouts_hide_on_mobile sc_fly_static elementor-widget elementor-widget-spacer\" data-id=\"b40a2b4\" data-element_type=\"widget\" data-widget_type=\"spacer.default\">\n\t\t\t\t<div class=\"elementor-widget-container\">\n\t\t\t\t\t<div class=\"elementor-spacer\">\n\t\t\t<div class=\"elementor-spacer-inner\"><\/div>\n\t\t<\/div>\n\t\t\t\t<\/div>\n\t\t\t\t<\/div>\n\t\t\t\t\t<\/div>\n\t\t<\/div>\n\t\t\t\t\t<\/div>\n\t\t<\/section>\n\t\t\t\t<section class=\"elementor-section elementor-top-section elementor-element elementor-element-d451ec5 elementor-section-content-middle elementor-section-boxed elementor-section-height-default elementor-section-height-default sc_fly_static\" data-id=\"d451ec5\" data-element_type=\"section\" data-settings=\"{&quot;background_background&quot;:&quot;classic&quot;}\">\n\t\t\t\t\t\t<div class=\"elementor-container elementor-column-gap-extended\">\n\t\t\t\t\t<div class=\"elementor-column elementor-col-50 elementor-top-column elementor-element elementor-element-936da5e sc_inner_width_none sc_content_align_inherit sc_layouts_column_icons_position_left sc_fly_static\" data-id=\"936da5e\" data-element_type=\"column\">\n\t\t\t<div class=\"elementor-widget-wrap elementor-element-populated\">\n\t\t\t\t\t\t<div class=\"elementor-element elementor-element-23b6c3a7 animated-fast animation_type_block sc_fly_static elementor-invisible elementor-widget elementor-widget-trx_sc_title\" data-id=\"23b6c3a7\" data-element_type=\"widget\" data-settings=\"{&quot;_animation&quot;:&quot;fadeInUp&quot;,&quot;_animation_delay&quot;:300}\" data-widget_type=\"trx_sc_title.default\">\n\t\t\t\t<div class=\"elementor-widget-container\">\n\t\t\t<div\t\tclass=\"sc_title sc_title_default\" ><span class=\"sc_item_subtitle sc_title_subtitle sc_item_subtitle_above sc_item_title_style_default\">Entendemos a import\u00e2ncia de uma comunica\u00e7\u00e3o visual impactante e eficaz<\/span><h1 class=\"sc_item_title sc_title_title sc_item_title_style_default sc_item_title_tag\"\n\t\t\t><span class=\"sc_item_title_text\">Comunica\u00e7\u00e3o Visual<\/span><\/h1><div class=\"sc_item_descr sc_title_descr\"><p>Com nossa linha especializada, oferecemos solu\u00e7\u00f5es de alta qualidade para o beneficiamento e estamparia de tecidos, garantindo que a sua mensagem seja transmitida de forma vibrante e duradoura.<\/p>\n<p>Realizamos o beneficiamento no tecido do cliente, aprimorando suas caracter\u00edsticas para que ele possa ser utilizado em diversas aplica\u00e7\u00f5es de comunica\u00e7\u00e3o visual. Nossa equipe de profissionais qualificados utiliza t\u00e9cnicas avan\u00e7adas para garantir que o tecido tenha a durabilidade e a qualidade necess\u00e1rias para enfrentar diferentes ambientes e condi\u00e7\u00f5es.<\/p>\n<\/div><\/div>\t\t<\/div>\n\t\t\t\t<\/div>\n\t\t\t\t<div class=\"elementor-element elementor-element-70ea0ac sc_layouts_hide_on_mobile sc_fly_static elementor-widget elementor-widget-spacer\" data-id=\"70ea0ac\" data-element_type=\"widget\" data-widget_type=\"spacer.default\">\n\t\t\t\t<div class=\"elementor-widget-container\">\n\t\t\t\t\t<div class=\"elementor-spacer\">\n\t\t\t<div class=\"elementor-spacer-inner\"><\/div>\n\t\t<\/div>\n\t\t\t\t<\/div>\n\t\t\t\t<\/div>\n\t\t\t\t\t<\/div>\n\t\t<\/div>\n\t\t\t\t<div class=\"elementor-column elementor-col-50 elementor-top-column elementor-element elementor-element-a6dbd07 sc_inner_width_none sc_content_align_inherit sc_layouts_column_icons_position_left sc_fly_static\" data-id=\"a6dbd07\" data-element_type=\"column\">\n\t\t\t<div class=\"elementor-widget-wrap elementor-element-populated\">\n\t\t\t\t\t\t<section class=\"elementor-section elementor-inner-section elementor-element elementor-element-6db0e63 elementor-section-boxed elementor-section-height-default elementor-section-height-default sc_fly_static\" data-id=\"6db0e63\" data-element_type=\"section\">\n\t\t\t\t\t\t<div class=\"elementor-container elementor-column-gap-no\">\n\t\t\t\t\t<div class=\"elementor-column elementor-col-100 elementor-inner-column elementor-element elementor-element-789c756 sc_inner_width_none sc_content_align_inherit sc_layouts_column_icons_position_left sc_fly_static\" data-id=\"789c756\" data-element_type=\"column\">\n\t\t\t<div class=\"elementor-widget-wrap elementor-element-populated\">\n\t\t\t\t\t\t<div class=\"elementor-element elementor-element-6eb366f no-title sc_fly_static elementor-widget elementor-widget-image\" data-id=\"6eb366f\" data-element_type=\"widget\" data-widget_type=\"image.default\">\n\t\t\t\t<div class=\"elementor-widget-container\">\n\t\t\t\t\t\t\t\t\t\t\t\t\t<img decoding=\"async\" src=\"https:\/\/ultratecestamparia.com.br\/wp-content\/uploads\/2025\/08\/comvisual1.jpg\" title=\"comvisual1\" alt=\"comvisual1\" loading=\"lazy\" \/>\t\t\t\t\t\t\t\t\t\t\t\t\t<\/div>\n\t\t\t\t<\/div>\n\t\t\t\t<div class=\"elementor-element elementor-element-7ac0cad sc_height_large sc_layouts_hide_on_mobile sc_fly_static elementor-widget elementor-widget-spacer\" data-id=\"7ac0cad\" data-element_type=\"widget\" data-widget_type=\"spacer.default\">\n\t\t\t\t<div class=\"elementor-widget-container\">\n\t\t\t\t\t<div class=\"elementor-spacer\">\n\t\t\t<div class=\"elementor-spacer-inner\"><\/div>\n\t\t<\/div>\n\t\t\t\t<\/div>\n\t\t\t\t<\/div>\n\t\t\t\t\t<\/div>\n\t\t<\/div>\n\t\t\t\t\t<\/div>\n\t\t<\/section>\n\t\t\t\t\t<\/div>\n\t\t<\/div>\n\t\t\t\t\t<\/div>\n\t\t<\/section>\n\t\t\t\t<section class=\"elementor-section elementor-top-section elementor-element elementor-element-d9e9141 elementor-section-boxed elementor-section-height-default elementor-section-height-default sc_fly_static\" data-id=\"d9e9141\" data-element_type=\"section\" data-settings=\"{&quot;background_background&quot;:&quot;classic&quot;}\">\n\t\t\t\t\t\t<div class=\"elementor-container elementor-column-gap-extended\">\n\t\t\t\t\t<div class=\"elementor-column elementor-col-100 elementor-top-column elementor-element elementor-element-6780200 sc_inner_width_none sc_content_align_inherit sc_layouts_column_icons_position_left sc_fly_static\" data-id=\"6780200\" data-element_type=\"column\">\n\t\t\t<div class=\"elementor-widget-wrap elementor-element-populated\">\n\t\t\t\t\t\t<div class=\"elementor-element elementor-element-40994df sc_height_huge sc_fly_static elementor-widget elementor-widget-spacer\" data-id=\"40994df\" data-element_type=\"widget\" data-widget_type=\"spacer.default\">\n\t\t\t\t<div class=\"elementor-widget-container\">\n\t\t\t\t\t<div class=\"elementor-spacer\">\n\t\t\t<div class=\"elementor-spacer-inner\"><\/div>\n\t\t<\/div>\n\t\t\t\t<\/div>\n\t\t\t\t<\/div>\n\t\t\t\t<div class=\"elementor-element elementor-element-e508f58 sc_height_tiny sc_layouts_hide_on_tablet sc_layouts_hide_on_mobile sc_fly_static elementor-widget elementor-widget-spacer\" data-id=\"e508f58\" data-element_type=\"widget\" data-widget_type=\"spacer.default\">\n\t\t\t\t<div class=\"elementor-widget-container\">\n\t\t\t\t\t<div class=\"elementor-spacer\">\n\t\t\t<div class=\"elementor-spacer-inner\"><\/div>\n\t\t<\/div>\n\t\t\t\t<\/div>\n\t\t\t\t<\/div>\n\t\t\t\t\t<\/div>\n\t\t<\/div>\n\t\t\t\t\t<\/div>\n\t\t<\/section>\n\t\t\t\t<section class=\"elementor-section elementor-top-section elementor-element elementor-element-36a833c elementor-section-boxed elementor-section-height-default elementor-section-height-default sc_fly_static\" data-id=\"36a833c\" data-element_type=\"section\" id=\"diferenciais\" data-settings=\"{&quot;background_background&quot;:&quot;classic&quot;}\">\n\t\t\t\t\t\t<div class=\"elementor-container elementor-column-gap-extended\">\n\t\t\t\t\t<div class=\"elementor-column elementor-col-100 elementor-top-column elementor-element elementor-element-530dd6a sc_inner_width_none sc_content_align_inherit sc_layouts_column_icons_position_left sc_fly_static\" data-id=\"530dd6a\" data-element_type=\"column\">\n\t\t\t<div class=\"elementor-widget-wrap elementor-element-populated\">\n\t\t\t\t\t\t<div class=\"elementor-element elementor-element-33ac1ea sc_height_huge sc_fly_static elementor-widget elementor-widget-spacer\" data-id=\"33ac1ea\" data-element_type=\"widget\" data-widget_type=\"spacer.default\">\n\t\t\t\t<div class=\"elementor-widget-container\">\n\t\t\t\t\t<div class=\"elementor-spacer\">\n\t\t\t<div class=\"elementor-spacer-inner\"><\/div>\n\t\t<\/div>\n\t\t\t\t<\/div>\n\t\t\t\t<\/div>\n\t\t\t\t<div class=\"elementor-element elementor-element-d89a6f7 sc_height_tiny sc_layouts_hide_on_tablet sc_layouts_hide_on_mobile sc_fly_static elementor-widget elementor-widget-spacer\" data-id=\"d89a6f7\" data-element_type=\"widget\" data-widget_type=\"spacer.default\">\n\t\t\t\t<div class=\"elementor-widget-container\">\n\t\t\t\t\t<div class=\"elementor-spacer\">\n\t\t\t<div class=\"elementor-spacer-inner\"><\/div>\n\t\t<\/div>\n\t\t\t\t<\/div>\n\t\t\t\t<\/div>\n\t\t\t\t\t<\/div>\n\t\t<\/div>\n\t\t\t\t\t<\/div>\n\t\t<\/section>\n\t\t\t\t<section class=\"elementor-section elementor-top-section elementor-element elementor-element-ce2f861 elementor-section-content-middle scheme_te-default elementor-section-boxed elementor-section-height-default elementor-section-height-default sc_fly_static\" data-id=\"ce2f861\" data-element_type=\"section\" data-settings=\"{&quot;background_background&quot;:&quot;classic&quot;}\">\n\t\t\t\t\t\t<div class=\"elementor-container elementor-column-gap-extended\">\n\t\t\t\t\t<div class=\"elementor-column elementor-col-50 elementor-top-column elementor-element elementor-element-b41410c order sc_inner_width_none sc_content_align_inherit sc_layouts_column_icons_position_left sc_fly_static\" data-id=\"b41410c\" data-element_type=\"column\">\n\t\t\t<div class=\"elementor-widget-wrap elementor-element-populated\">\n\t\t\t\t\t\t<section class=\"elementor-section elementor-inner-section elementor-element elementor-element-c6124e2 elementor-section-boxed elementor-section-height-default elementor-section-height-default sc_fly_static\" data-id=\"c6124e2\" data-element_type=\"section\">\n\t\t\t\t\t\t<div class=\"elementor-container elementor-column-gap-no\">\n\t\t\t\t\t<div class=\"elementor-column elementor-col-100 elementor-inner-column elementor-element elementor-element-3f36fdf sc_inner_width_none sc_content_align_inherit sc_layouts_column_icons_position_left sc_fly_static\" data-id=\"3f36fdf\" data-element_type=\"column\">\n\t\t\t<div class=\"elementor-widget-wrap elementor-element-populated\">\n\t\t\t\t\t\t<div class=\"elementor-element elementor-element-a8a01ca no-title sc_fly_static elementor-widget elementor-widget-image\" data-id=\"a8a01ca\" data-element_type=\"widget\" data-widget_type=\"image.default\">\n\t\t\t\t<div class=\"elementor-widget-container\">\n\t\t\t\t\t\t\t\t\t\t\t\t\t<img decoding=\"async\" src=\"https:\/\/ultratecestamparia.com.br\/wp-content\/uploads\/2025\/08\/comvisual2.jpg\" title=\"comvisual2\" alt=\"comvisual2\" loading=\"lazy\" \/>\t\t\t\t\t\t\t\t\t\t\t\t\t<\/div>\n\t\t\t\t<\/div>\n\t\t\t\t\t<\/div>\n\t\t<\/div>\n\t\t\t\t\t<\/div>\n\t\t<\/section>\n\t\t\t\t\t<\/div>\n\t\t<\/div>\n\t\t\t\t<div class=\"elementor-column elementor-col-50 elementor-top-column elementor-element elementor-element-8d4fe5b sc_inner_width_none sc_content_align_inherit sc_layouts_column_icons_position_left sc_fly_static\" data-id=\"8d4fe5b\" data-element_type=\"column\">\n\t\t\t<div class=\"elementor-widget-wrap elementor-element-populated\">\n\t\t\t\t\t\t<div class=\"elementor-element elementor-element-91591e5 animated-fast animation_type_block sc_fly_static elementor-invisible elementor-widget elementor-widget-trx_sc_title\" data-id=\"91591e5\" data-element_type=\"widget\" data-settings=\"{&quot;_animation&quot;:&quot;fadeInUp&quot;,&quot;_animation_delay&quot;:700}\" data-widget_type=\"trx_sc_title.default\">\n\t\t\t\t<div class=\"elementor-widget-container\">\n\t\t\t<div\t\tclass=\"sc_title sc_title_default\" ><span class=\"sc_item_subtitle sc_title_subtitle sc_item_subtitle_above sc_item_title_style_default\">A estamparia sublima\u00e7\u00e3o digital<\/span><div class=\"sc_item_descr sc_title_descr\"><p>Com a tecnologia da sublima\u00e7\u00e3o \u00e9 poss\u00edvel criar imagens com cores vibrantes e alta defini\u00e7\u00e3o, ideais para banners, faixas, displays e outras aplica\u00e7\u00f5es visuais.<\/p>\n<p>Garante que os detalhes e as cores da sua arte sejam reproduzidos fielmente, criando um impacto visual marcante.<\/p>\n<p>Trabalhamos em parceria com nossos clientes para garantir que cada projeto de comunica\u00e7\u00e3o visual atenda \u00e0s suas necessidades espec\u00edficas.<\/p>\n<p>Seja para eventos, publicidade ou decora\u00e7\u00e3o, estamos preparados para entregar resultados que destacam a sua marca e sua mensagem.<\/p>\n<\/div><\/div>\t\t<\/div>\n\t\t\t\t<\/div>\n\t\t\t\t<div class=\"elementor-element elementor-element-b650e0b sc_layouts_hide_on_mobile sc_fly_static elementor-widget elementor-widget-spacer\" data-id=\"b650e0b\" data-element_type=\"widget\" data-widget_type=\"spacer.default\">\n\t\t\t\t<div class=\"elementor-widget-container\">\n\t\t\t\t\t<div class=\"elementor-spacer\">\n\t\t\t<div class=\"elementor-spacer-inner\"><\/div>\n\t\t<\/div>\n\t\t\t\t<\/div>\n\t\t\t\t<\/div>\n\t\t\t\t\t<\/div>\n\t\t<\/div>\n\t\t\t\t\t<\/div>\n\t\t<\/section>\n\t\t\t\t<section class=\"elementor-section elementor-top-section elementor-element elementor-element-57acddb elementor-section-boxed elementor-section-height-default elementor-section-height-default sc_fly_static\" data-id=\"57acddb\" data-element_type=\"section\" data-settings=\"{&quot;background_background&quot;:&quot;classic&quot;}\">\n\t\t\t\t\t\t<div class=\"elementor-container elementor-column-gap-extended\">\n\t\t\t\t\t<div class=\"elementor-column elementor-col-100 elementor-top-column elementor-element elementor-element-e7dcf7f sc_inner_width_none sc_content_align_inherit sc_layouts_column_icons_position_left sc_fly_static\" data-id=\"e7dcf7f\" data-element_type=\"column\">\n\t\t\t<div class=\"elementor-widget-wrap elementor-element-populated\">\n\t\t\t\t\t\t<div class=\"elementor-element elementor-element-074da16 sc_height_huge sc_fly_static elementor-widget elementor-widget-spacer\" data-id=\"074da16\" data-element_type=\"widget\" data-widget_type=\"spacer.default\">\n\t\t\t\t<div class=\"elementor-widget-container\">\n\t\t\t\t\t<div class=\"elementor-spacer\">\n\t\t\t<div class=\"elementor-spacer-inner\"><\/div>\n\t\t<\/div>\n\t\t\t\t<\/div>\n\t\t\t\t<\/div>\n\t\t\t\t<div class=\"elementor-element elementor-element-3da6fdb sc_height_tiny sc_layouts_hide_on_tablet sc_layouts_hide_on_mobile sc_fly_static elementor-widget elementor-widget-spacer\" data-id=\"3da6fdb\" data-element_type=\"widget\" data-widget_type=\"spacer.default\">\n\t\t\t\t<div class=\"elementor-widget-container\">\n\t\t\t\t\t<div class=\"elementor-spacer\">\n\t\t\t<div class=\"elementor-spacer-inner\"><\/div>\n\t\t<\/div>\n\t\t\t\t<\/div>\n\t\t\t\t<\/div>\n\t\t\t\t\t<\/div>\n\t\t<\/div>\n\t\t\t\t\t<\/div>\n\t\t<\/section>\n\t\t\t\t<\/div>","protected":false},"excerpt":{"rendered":"<p>Entendemos a import\u00e2ncia de uma comunica\u00e7\u00e3o visual impactante e eficaz Comunica\u00e7\u00e3o Visual Com nossa linha especializada, oferecemos solu\u00e7\u00f5es de alta qualidade para o beneficiamento e estamparia de tecidos, garantindo que&hellip;<\/p>","protected":false},"author":1,"featured_media":0,"parent":0,"menu_order":0,"comment_status":"closed","ping_status":"closed","template":"","meta":{"footnotes":""},"class_list":["post-22116","page","type-page","status-publish","hentry"],"yoast_head":"<!-- This site is optimized with the Yoast SEO plugin v25.8 - https:\/\/yoast.com\/wordpress\/plugins\/seo\/ -->\n<title>Comunica\u00e7\u00e3o Visual - Ultratec Prints<\/title>\n<meta name=\"robots\" content=\"index, follow, max-snippet:-1, max-image-preview:large, max-video-preview:-1\" \/>\n<link rel=\"canonical\" href=\"https:\/\/ultratecestamparia.com.br\/en\/comunicacao-visual\/\" \/>\n<meta property=\"og:locale\" content=\"en_US\" \/>\n<meta property=\"og:type\" content=\"article\" \/>\n<meta property=\"og:title\" content=\"Comunica\u00e7\u00e3o Visual - Ultratec Prints\" \/>\n<meta property=\"og:description\" content=\"Entendemos a import\u00e2ncia de uma comunica\u00e7\u00e3o visual impactante e eficaz Comunica\u00e7\u00e3o Visual Com nossa linha especializada, oferecemos solu\u00e7\u00f5es de alta qualidade para o beneficiamento e estamparia de tecidos, garantindo que&hellip;\" \/>\n<meta property=\"og:url\" content=\"https:\/\/ultratecestamparia.com.br\/en\/comunicacao-visual\/\" \/>\n<meta property=\"og:site_name\" content=\"Ultratec Prints\" \/>\n<meta property=\"article:publisher\" content=\"https:\/\/www.facebook.com\/ultratecmoda\/\" \/>\n<meta property=\"article:modified_time\" content=\"2026-03-24T18:28:31+00:00\" \/>\n<meta property=\"og:image\" content=\"https:\/\/ultratecestamparia.com.br\/wp-content\/uploads\/2025\/08\/comvisual1.jpg\" \/>\n<meta name=\"twitter:card\" content=\"summary_large_image\" \/>\n<meta name=\"twitter:label1\" content=\"Est. reading time\" \/>\n\t<meta name=\"twitter:data1\" content=\"2 minutes\" \/>\n<script type=\"application\/ld+json\" class=\"yoast-schema-graph\">{\"@context\":\"https:\/\/schema.org\",\"@graph\":[{\"@type\":\"WebPage\",\"@id\":\"https:\/\/ultratecestamparia.com.br\/comunicacao-visual\/\",\"url\":\"https:\/\/ultratecestamparia.com.br\/comunicacao-visual\/\",\"name\":\"Comunica\u00e7\u00e3o Visual - Ultratec Prints\",\"isPartOf\":{\"@id\":\"https:\/\/ultratecestamparia.com.br\/#website\"},\"primaryImageOfPage\":{\"@id\":\"https:\/\/ultratecestamparia.com.br\/comunicacao-visual\/#primaryimage\"},\"image\":{\"@id\":\"https:\/\/ultratecestamparia.com.br\/comunicacao-visual\/#primaryimage\"},\"thumbnailUrl\":\"https:\/\/ultratecestamparia.com.br\/wp-content\/uploads\/2025\/08\/comvisual1.jpg\",\"datePublished\":\"2025-08-26T18:25:58+00:00\",\"dateModified\":\"2026-03-24T18:28:31+00:00\",\"breadcrumb\":{\"@id\":\"https:\/\/ultratecestamparia.com.br\/comunicacao-visual\/#breadcrumb\"},\"inLanguage\":\"en-US\",\"potentialAction\":[{\"@type\":\"ReadAction\",\"target\":[\"https:\/\/ultratecestamparia.com.br\/comunicacao-visual\/\"]}]},{\"@type\":\"ImageObject\",\"inLanguage\":\"en-US\",\"@id\":\"https:\/\/ultratecestamparia.com.br\/comunicacao-visual\/#primaryimage\",\"url\":\"https:\/\/ultratecestamparia.com.br\/wp-content\/uploads\/2025\/08\/comvisual1.jpg\",\"contentUrl\":\"https:\/\/ultratecestamparia.com.br\/wp-content\/uploads\/2025\/08\/comvisual1.jpg\"},{\"@type\":\"BreadcrumbList\",\"@id\":\"https:\/\/ultratecestamparia.com.br\/comunicacao-visual\/#breadcrumb\",\"itemListElement\":[{\"@type\":\"ListItem\",\"position\":1,\"name\":\"In\u00edcio\",\"item\":\"https:\/\/ultratecestamparia.com.br\/\"},{\"@type\":\"ListItem\",\"position\":2,\"name\":\"Comunica\u00e7\u00e3o Visual\"}]},{\"@type\":\"WebSite\",\"@id\":\"https:\/\/ultratecestamparia.com.br\/#website\",\"url\":\"https:\/\/ultratecestamparia.com.br\/\",\"name\":\"Ultratec Prints\",\"description\":\"\",\"publisher\":{\"@id\":\"https:\/\/ultratecestamparia.com.br\/#organization\"},\"potentialAction\":[{\"@type\":\"SearchAction\",\"target\":{\"@type\":\"EntryPoint\",\"urlTemplate\":\"https:\/\/ultratecestamparia.com.br\/?s={search_term_string}\"},\"query-input\":{\"@type\":\"PropertyValueSpecification\",\"valueRequired\":true,\"valueName\":\"search_term_string\"}}],\"inLanguage\":\"en-US\"},{\"@type\":\"Organization\",\"@id\":\"https:\/\/ultratecestamparia.com.br\/#organization\",\"name\":\"Ultratec Prints\",\"url\":\"https:\/\/ultratecestamparia.com.br\/\",\"logo\":{\"@type\":\"ImageObject\",\"inLanguage\":\"en-US\",\"@id\":\"https:\/\/ultratecestamparia.com.br\/#\/schema\/logo\/image\/\",\"url\":\"https:\/\/ultratecestamparia.com.br\/wp-content\/uploads\/2024\/08\/ultratec-logo.svg\",\"contentUrl\":\"https:\/\/ultratecestamparia.com.br\/wp-content\/uploads\/2024\/08\/ultratec-logo.svg\",\"width\":100,\"height\":100,\"caption\":\"Ultratec Prints\"},\"image\":{\"@id\":\"https:\/\/ultratecestamparia.com.br\/#\/schema\/logo\/image\/\"},\"sameAs\":[\"https:\/\/www.facebook.com\/ultratecmoda\/\",\"https:\/\/www.instagram.com\/ultratecestamparia\/\",\"https:\/\/www.youtube.com\/@ultratecprints\"]}]}<\/script>\n<!-- \/ Yoast SEO plugin. -->","yoast_head_json":{"title":"Comunica\u00e7\u00e3o Visual - Ultratec Prints","robots":{"index":"index","follow":"follow","max-snippet":"max-snippet:-1","max-image-preview":"max-image-preview:large","max-video-preview":"max-video-preview:-1"},"canonical":"https:\/\/ultratecestamparia.com.br\/en\/comunicacao-visual\/","og_locale":"en_US","og_type":"article","og_title":"Comunica\u00e7\u00e3o Visual - Ultratec Prints","og_description":"Entendemos a import\u00e2ncia de uma comunica\u00e7\u00e3o visual impactante e eficaz Comunica\u00e7\u00e3o Visual Com nossa linha especializada, oferecemos solu\u00e7\u00f5es de alta qualidade para o beneficiamento e estamparia de tecidos, garantindo que&hellip;","og_url":"https:\/\/ultratecestamparia.com.br\/en\/comunicacao-visual\/","og_site_name":"Ultratec Prints","article_publisher":"https:\/\/www.facebook.com\/ultratecmoda\/","article_modified_time":"2026-03-24T18:28:31+00:00","og_image":[{"url":"https:\/\/ultratecestamparia.com.br\/wp-content\/uploads\/2025\/08\/comvisual1.jpg","type":"","width":"","height":""}],"twitter_card":"summary_large_image","twitter_misc":{"Est. reading time":"2 minutes"},"schema":{"@context":"https:\/\/schema.org","@graph":[{"@type":"WebPage","@id":"https:\/\/ultratecestamparia.com.br\/comunicacao-visual\/","url":"https:\/\/ultratecestamparia.com.br\/comunicacao-visual\/","name":"Comunica\u00e7\u00e3o Visual - Ultratec Prints","isPartOf":{"@id":"https:\/\/ultratecestamparia.com.br\/#website"},"primaryImageOfPage":{"@id":"https:\/\/ultratecestamparia.com.br\/comunicacao-visual\/#primaryimage"},"image":{"@id":"https:\/\/ultratecestamparia.com.br\/comunicacao-visual\/#primaryimage"},"thumbnailUrl":"https:\/\/ultratecestamparia.com.br\/wp-content\/uploads\/2025\/08\/comvisual1.jpg","datePublished":"2025-08-26T18:25:58+00:00","dateModified":"2026-03-24T18:28:31+00:00","breadcrumb":{"@id":"https:\/\/ultratecestamparia.com.br\/comunicacao-visual\/#breadcrumb"},"inLanguage":"en-US","potentialAction":[{"@type":"ReadAction","target":["https:\/\/ultratecestamparia.com.br\/comunicacao-visual\/"]}]},{"@type":"ImageObject","inLanguage":"en-US","@id":"https:\/\/ultratecestamparia.com.br\/comunicacao-visual\/#primaryimage","url":"https:\/\/ultratecestamparia.com.br\/wp-content\/uploads\/2025\/08\/comvisual1.jpg","contentUrl":"https:\/\/ultratecestamparia.com.br\/wp-content\/uploads\/2025\/08\/comvisual1.jpg"},{"@type":"BreadcrumbList","@id":"https:\/\/ultratecestamparia.com.br\/comunicacao-visual\/#breadcrumb","itemListElement":[{"@type":"ListItem","position":1,"name":"In\u00edcio","item":"https:\/\/ultratecestamparia.com.br\/"},{"@type":"ListItem","position":2,"name":"Comunica\u00e7\u00e3o Visual"}]},{"@type":"WebSite","@id":"https:\/\/ultratecestamparia.com.br\/#website","url":"https:\/\/ultratecestamparia.com.br\/","name":"Ultratec Prints","description":"","publisher":{"@id":"https:\/\/ultratecestamparia.com.br\/#organization"},"potentialAction":[{"@type":"SearchAction","target":{"@type":"EntryPoint","urlTemplate":"https:\/\/ultratecestamparia.com.br\/?s={search_term_string}"},"query-input":{"@type":"PropertyValueSpecification","valueRequired":true,"valueName":"search_term_string"}}],"inLanguage":"en-US"},{"@type":"Organization","@id":"https:\/\/ultratecestamparia.com.br\/#organization","name":"Ultratec Prints","url":"https:\/\/ultratecestamparia.com.br\/","logo":{"@type":"ImageObject","inLanguage":"en-US","@id":"https:\/\/ultratecestamparia.com.br\/#\/schema\/logo\/image\/","url":"https:\/\/ultratecestamparia.com.br\/wp-content\/uploads\/2024\/08\/ultratec-logo.svg","contentUrl":"https:\/\/ultratecestamparia.com.br\/wp-content\/uploads\/2024\/08\/ultratec-logo.svg","width":100,"height":100,"caption":"Ultratec Prints"},"image":{"@id":"https:\/\/ultratecestamparia.com.br\/#\/schema\/logo\/image\/"},"sameAs":["https:\/\/www.facebook.com\/ultratecmoda\/","https:\/\/www.instagram.com\/ultratecestamparia\/","https:\/\/www.youtube.com\/@ultratecprints"]}]}},"_links":{"self":[{"href":"https:\/\/ultratecestamparia.com.br\/en\/wp-json\/wp\/v2\/pages\/22116","targetHints":{"allow":["GET"]}}],"collection":[{"href":"https:\/\/ultratecestamparia.com.br\/en\/wp-json\/wp\/v2\/pages"}],"about":[{"href":"https:\/\/ultratecestamparia.com.br\/en\/wp-json\/wp\/v2\/types\/page"}],"author":[{"embeddable":true,"href":"https:\/\/ultratecestamparia.com.br\/en\/wp-json\/wp\/v2\/users\/1"}],"replies":[{"embeddable":true,"href":"https:\/\/ultratecestamparia.com.br\/en\/wp-json\/wp\/v2\/comments?post=22116"}],"version-history":[{"count":22,"href":"https:\/\/ultratecestamparia.com.br\/en\/wp-json\/wp\/v2\/pages\/22116\/revisions"}],"predecessor-version":[{"id":22623,"href":"https:\/\/ultratecestamparia.com.br\/en\/wp-json\/wp\/v2\/pages\/22116\/revisions\/22623"}],"wp:attachment":[{"href":"https:\/\/ultratecestamparia.com.br\/en\/wp-json\/wp\/v2\/media?parent=22116"}],"curies":[{"name":"wp","href":"https:\/\/api.w.org\/{rel}","templated":true}]}}